{"id":66,"date":"2025-01-05T17:35:21","date_gmt":"2025-01-05T16:35:21","guid":{"rendered":"https:\/\/www.saunabooda.sk\/?page_id=66"},"modified":"2025-01-07T15:14:10","modified_gmt":"2025-01-07T14:14:10","slug":"lokalita","status":"publish","type":"page","link":"https:\/\/www.saunabooda.sk\/?page_id=66","title":{"rendered":"Lokalita"},"content":{"rendered":"<div id=\"wpgmza_map_1\" class=\"wpgmza_map wpgmza-auto-center\" style=\"display:block;width:100%;height:400px;overflow:hidden;position:relative;\" data-map-id=\"1\" data-maps-engine=\"open-layers\" data-build-engine=\"atlas-novus\" data-shortcode-attributes=\"{&quot;id&quot;:&quot;1&quot;,&quot;zoom&quot;:false,&quot;width&quot;:false,&quot;height&quot;:false,&quot;marker&quot;:false,&quot;classname&quot;:false}\" data-settings=\"{&quot;map_title&quot;:&quot;Moja prv\\u00e1 mapa&quot;,&quot;map_width&quot;:&quot;100&quot;,&quot;map_height&quot;:&quot;400&quot;,&quot;map_start_lat&quot;:&quot;48.590215599999965&quot;,&quot;map_start_lng&quot;:&quot;19.1521452&quot;,&quot;map_start_location&quot;:&quot;45.950464398418106,-109.81550500000003&quot;,&quot;map_start_zoom&quot;:&quot;14&quot;,&quot;default_marker&quot;:&quot;&quot;,&quot;type&quot;:&quot;4&quot;,&quot;alignment&quot;:&quot;4&quot;,&quot;directions_enabled&quot;:&quot;0&quot;,&quot;styling_enabled&quot;:&quot;0&quot;,&quot;styling_json&quot;:&quot;&quot;,&quot;active&quot;:&quot;0&quot;,&quot;kml&quot;:&quot;&quot;,&quot;bicycle&quot;:&quot;0&quot;,&quot;traffic&quot;:&quot;0&quot;,&quot;dbox&quot;:&quot;0&quot;,&quot;dbox_width&quot;:&quot;&quot;,&quot;listmarkers&quot;:&quot;0&quot;,&quot;listmarkers_advanced&quot;:&quot;0&quot;,&quot;filterbycat&quot;:&quot;0&quot;,&quot;ugm_enabled&quot;:&quot;0&quot;,&quot;ugm_category_enabled&quot;:&quot;0&quot;,&quot;fusion&quot;:&quot;&quot;,&quot;map_width_type&quot;:&quot;%&quot;,&quot;map_height_type&quot;:&quot;px&quot;,&quot;mass_marker_support&quot;:&quot;0&quot;,&quot;ugm_access&quot;:&quot;0&quot;,&quot;order_markers_by&quot;:&quot;0&quot;,&quot;order_markers_choice&quot;:&quot;0&quot;,&quot;show_user_location&quot;:&quot;0&quot;,&quot;default_to&quot;:&quot;&quot;,&quot;map_type&quot;:1,&quot;sl_stroke_color&quot;:&quot;&quot;,&quot;sl_fill_color&quot;:&quot;&quot;,&quot;sl_stroke_opacity&quot;:&quot;&quot;,&quot;sl_fill_opacity&quot;:&quot;&quot;,&quot;transport_layer&quot;:false,&quot;action&quot;:&quot;wpgmza_save_map&quot;,&quot;redirect_to&quot;:&quot;\\\/wp-admin\\\/admin-post.php&quot;,&quot;map_id&quot;:&quot;1&quot;,&quot;wpgmza_savemap&quot;:&quot;Ulo\\u017ei\\u0165 mapu&quot;,&quot;http_referer&quot;:&quot;\\\/wp-admin\\\/admin.php?page=wp-google-maps-menu&amp;amp;action=edit&amp;amp;map_id=1&quot;,&quot;wpgmza_id&quot;:&quot;1&quot;,&quot;wpgmza_start_location&quot;:&quot;48.590215599999965,19.1521452&quot;,&quot;wpgmza_start_zoom&quot;:&quot;14&quot;,&quot;wpgmza_map_align&quot;:&quot;2&quot;,&quot;store_locator_enabled&quot;:false,&quot;store_locator_distance&quot;:false,&quot;store_locator_search_area&quot;:&quot;radial&quot;,&quot;wpgmza_store_locator_default_radius&quot;:&quot;10&quot;,&quot;store_locator_auto_area_max_zoom&quot;:&quot;&quot;,&quot;wpgmza_store_locator_radius_style&quot;:&quot;legacy&quot;,&quot;store_locator_component_anchor&quot;:&quot;0&quot;,&quot;wpgmza_store_locator_bounce&quot;:false,&quot;wpgmza_sl_animation&quot;:null,&quot;store_locator_query_string&quot;:&quot;&quot;,&quot;store_locator_location_placeholder&quot;:&quot;&quot;,&quot;store_locator_default_address&quot;:&quot;&quot;,&quot;store_locator_name_search&quot;:false,&quot;store_locator_name_string&quot;:&quot;&quot;,&quot;store_locator_not_found_message&quot;:&quot;&quot;,&quot;store_locator_show_distance&quot;:false,&quot;store_locator_category&quot;:false,&quot;wpgmza_store_locator_use_their_location&quot;:false,&quot;wpgmza_store_locator_hide_before_search&quot;:false,&quot;store_locator_nearby_searches&quot;:false,&quot;wpgmza_theme_data&quot;:&quot;&quot;,&quot;custom_tile_enabled&quot;:false,&quot;custom_tile_image&quot;:&quot;&quot;,&quot;custom_tile_image_width&quot;:&quot;&quot;,&quot;custom_tile_image_height&quot;:&quot;&quot;,&quot;custom_tile_image_attribution&quot;:&quot;&quot;,&quot;iw_primary_color&quot;:&quot;#000000&quot;,&quot;iw_accent_color&quot;:&quot;#000000&quot;,&quot;iw_text_color&quot;:&quot;#000000&quot;,&quot;close_infowindow_on_map_click&quot;:false,&quot;marker_share_links&quot;:false,&quot;wpgmza_listmarkers_by&quot;:&quot;0&quot;,&quot;marker_listing_component_anchor&quot;:null,&quot;marker_listing_component_auto_open&quot;:false,&quot;category_filter_component_anchor&quot;:null,&quot;zoom_level_on_marker_listing_override&quot;:false,&quot;zoom_level_on_marker_listing_click&quot;:&quot;&quot;,&quot;marker_listing_disable_zoom&quot;:false,&quot;dataTable_pagination_style&quot;:null,&quot;datatable_no_result_message&quot;:&quot;&quot;,&quot;remove_search_box_datables&quot;:false,&quot;datatable_search_string&quot;:&quot;&quot;,&quot;datatable_result_start&quot;:&quot;&quot;,&quot;datatable_result_of&quot;:&quot;&quot;,&quot;datatable_result_to&quot;:&quot;&quot;,&quot;datatable_result_total&quot;:&quot;&quot;,&quot;datatable_result_show&quot;:&quot;&quot;,&quot;datatable_result_entries&quot;:&quot;&quot;,&quot;category_legends_enabled&quot;:false,&quot;category_legends_component_anchor&quot;:null,&quot;jump_to_nearest_marker_on_initialization&quot;:false,&quot;click_open_link&quot;:false,&quot;wpgmza_zoom_on_marker_click&quot;:false,&quot;wpgmza_zoom_on_marker_click_slider&quot;:&quot;&quot;,&quot;enable_marker_labels&quot;:false,&quot;polygon_labels&quot;:false,&quot;disable_polygon_info_windows&quot;:false,&quot;fit_maps_bounds_to_markers&quot;:false,&quot;fit_maps_bounds_to_markers_after_filtering&quot;:false,&quot;automatically_pan_to_users_location&quot;:false,&quot;override_users_location_zoom_level&quot;:false,&quot;override_users_location_zoom_levels&quot;:&quot;&quot;,&quot;show_distance_from_location&quot;:false,&quot;map_starts_in_streetview&quot;:false,&quot;map_starts_in_streetview_location&quot;:&quot;&quot;,&quot;map_starts_in_streetview_heading&quot;:&quot;&quot;,&quot;map_starts_in_streetview_pitch&quot;:&quot;&quot;,&quot;map_max_zoom&quot;:&quot;21&quot;,&quot;map_min_zoom&quot;:&quot;0&quot;,&quot;zoom_level_mobile_override_enabled&quot;:false,&quot;zoom_level_mobile_override&quot;:&quot;&quot;,&quot;hide_point_of_interest&quot;:false,&quot;disable_lightbox_images&quot;:false,&quot;use_Raw_Jpeg_Coordinates&quot;:false,&quot;enable_marker_ratings&quot;:false,&quot;only_load_markers_within_viewport&quot;:false,&quot;wpgmza_ol_tile_filter&quot;:&quot;none&quot;,&quot;id&quot;:1}\" ><\/div>\n\n\n\n<p><\/p>\n\n\n\n<p>Sauna BOODA sa nach\u00e1dza vo Zvolene nad mestskou \u010das\u0165ou Zlat\u00fd Potok. Najjednoduch\u0161ie sa k\u00a0nej dostanete po Nev\u00e4dzovej ulici, autom sa pohodlne dostanete po spevnenej pr\u00edjazdovej ceste k\u00a0vodojemu, pri ktorom nech\u00e1te automobil bezpe\u010dne odparkovan\u00fd a\u00a0po p\u00e1r krokoch sa ocitnete pri saune BOODA.<\/p>\n\n\n\n<p>Adresa pod\u013ea google maps je Nev\u00e4dzov\u00e1, 960 01 Zvolen a\u00a0na maps je aj sauna ozna\u010dne\u00e1 tak\u017ee by to malo by\u0165 ok.<\/p>\n\n\n\n<div class=\"wp-block-buttons is-layout-flex wp-block-buttons-is-layout-flex\">\n<div class=\"wp-block-button is-style-fill\"><a class=\"wp-block-button__link wp-element-button\" href=\"https:\/\/booqme.sk\/sk\/rezervacia\/sauna-booda\">Rezervova\u0165<\/a><\/div>\n<\/div>\n\n\n\n<p><\/p>\n","protected":false},"excerpt":{"rendered":"<p>Sauna BOODA sa nach\u00e1dza vo Zvolene nad mestskou \u010das\u0165ou Zlat\u00fd Potok. Najjednoduch\u0161ie sa k\u00a0nej dostanete po Nev\u00e4dzovej ulici, autom sa pohodlne dostanete po spevnenej pr\u00edjazdovej ceste k\u00a0vodojemu, pri ktorom nech\u00e1te automobil bezpe\u010dne odparkovan\u00fd a\u00a0po p\u00e1r krokoch sa ocitnete pri saune BOODA. Adresa pod\u013ea google maps je Nev\u00e4dzov\u00e1, 960 01 Zvolen a\u00a0na maps je aj sauna [&hellip;]<\/p>\n","protected":false},"author":1,"featured_media":0,"parent":0,"menu_order":0,"comment_status":"closed","ping_status":"closed","template":"","meta":{"_monsterinsights_skip_tracking":false,"_monsterinsights_sitenote_active":false,"_monsterinsights_sitenote_note":"","_monsterinsights_sitenote_category":0,"footnotes":""},"class_list":["post-66","page","type-page","status-publish","hentry"],"yoast_head":"<!-- This site is optimized with the Yoast SEO plugin v24.0 - https:\/\/yoast.com\/wordpress\/plugins\/seo\/ -->\n<title>Lokalita - Booda<\/title>\n<meta name=\"robots\" content=\"index, follow, max-snippet:-1, max-image-preview:large, max-video-preview:-1\" \/>\n<link rel=\"canonical\" href=\"https:\/\/www.saunabooda.sk\/?page_id=66\" \/>\n<meta property=\"og:locale\" content=\"sk_SK\" \/>\n<meta property=\"og:type\" content=\"article\" \/>\n<meta property=\"og:title\" content=\"Lokalita - Booda\" \/>\n<meta property=\"og:description\" content=\"Sauna BOODA sa nach\u00e1dza vo Zvolene nad mestskou \u010das\u0165ou Zlat\u00fd Potok. Najjednoduch\u0161ie sa k\u00a0nej dostanete po Nev\u00e4dzovej ulici, autom sa pohodlne dostanete po spevnenej pr\u00edjazdovej ceste k\u00a0vodojemu, pri ktorom nech\u00e1te automobil bezpe\u010dne odparkovan\u00fd a\u00a0po p\u00e1r krokoch sa ocitnete pri saune BOODA. Adresa pod\u013ea google maps je Nev\u00e4dzov\u00e1, 960 01 Zvolen a\u00a0na maps je aj sauna [&hellip;]\" \/>\n<meta property=\"og:url\" content=\"https:\/\/www.saunabooda.sk\/?page_id=66\" \/>\n<meta property=\"og:site_name\" content=\"Booda\" \/>\n<meta property=\"article:modified_time\" content=\"2025-01-07T14:14:10+00:00\" \/>\n<meta name=\"twitter:card\" content=\"summary_large_image\" \/>\n<meta name=\"twitter:label1\" content=\"Predpokladan\u00fd \u010das \u010d\u00edtania\" \/>\n\t<meta name=\"twitter:data1\" content=\"1 min\u00fata\" \/>\n<script type=\"application\/ld+json\" class=\"yoast-schema-graph\">{\"@context\":\"https:\/\/schema.org\",\"@graph\":[{\"@type\":\"WebPage\",\"@id\":\"https:\/\/www.saunabooda.sk\/?page_id=66\",\"url\":\"https:\/\/www.saunabooda.sk\/?page_id=66\",\"name\":\"Lokalita - Booda\",\"isPartOf\":{\"@id\":\"https:\/\/www.saunabooda.sk\/#website\"},\"datePublished\":\"2025-01-05T16:35:21+00:00\",\"dateModified\":\"2025-01-07T14:14:10+00:00\",\"breadcrumb\":{\"@id\":\"https:\/\/www.saunabooda.sk\/?page_id=66#breadcrumb\"},\"inLanguage\":\"sk-SK\",\"potentialAction\":[{\"@type\":\"ReadAction\",\"target\":[\"https:\/\/www.saunabooda.sk\/?page_id=66\"]}]},{\"@type\":\"BreadcrumbList\",\"@id\":\"https:\/\/www.saunabooda.sk\/?page_id=66#breadcrumb\",\"itemListElement\":[{\"@type\":\"ListItem\",\"position\":1,\"name\":\"Home\",\"item\":\"https:\/\/www.saunabooda.sk\/\"},{\"@type\":\"ListItem\",\"position\":2,\"name\":\"Lokalita\"}]},{\"@type\":\"WebSite\",\"@id\":\"https:\/\/www.saunabooda.sk\/#website\",\"url\":\"https:\/\/www.saunabooda.sk\/\",\"name\":\"Booda\",\"description\":\"\",\"potentialAction\":[{\"@type\":\"SearchAction\",\"target\":{\"@type\":\"EntryPoint\",\"urlTemplate\":\"https:\/\/www.saunabooda.sk\/?s={search_term_string}\"},\"query-input\":{\"@type\":\"PropertyValueSpecification\",\"valueRequired\":true,\"valueName\":\"search_term_string\"}}],\"inLanguage\":\"sk-SK\"}]}<\/script>\n<!-- \/ Yoast SEO plugin. -->","yoast_head_json":{"title":"Lokalita - Booda","robots":{"index":"index","follow":"follow","max-snippet":"max-snippet:-1","max-image-preview":"max-image-preview:large","max-video-preview":"max-video-preview:-1"},"canonical":"https:\/\/www.saunabooda.sk\/?page_id=66","og_locale":"sk_SK","og_type":"article","og_title":"Lokalita - Booda","og_description":"Sauna BOODA sa nach\u00e1dza vo Zvolene nad mestskou \u010das\u0165ou Zlat\u00fd Potok. Najjednoduch\u0161ie sa k\u00a0nej dostanete po Nev\u00e4dzovej ulici, autom sa pohodlne dostanete po spevnenej pr\u00edjazdovej ceste k\u00a0vodojemu, pri ktorom nech\u00e1te automobil bezpe\u010dne odparkovan\u00fd a\u00a0po p\u00e1r krokoch sa ocitnete pri saune BOODA. Adresa pod\u013ea google maps je Nev\u00e4dzov\u00e1, 960 01 Zvolen a\u00a0na maps je aj sauna [&hellip;]","og_url":"https:\/\/www.saunabooda.sk\/?page_id=66","og_site_name":"Booda","article_modified_time":"2025-01-07T14:14:10+00:00","twitter_card":"summary_large_image","twitter_misc":{"Predpokladan\u00fd \u010das \u010d\u00edtania":"1 min\u00fata"},"schema":{"@context":"https:\/\/schema.org","@graph":[{"@type":"WebPage","@id":"https:\/\/www.saunabooda.sk\/?page_id=66","url":"https:\/\/www.saunabooda.sk\/?page_id=66","name":"Lokalita - Booda","isPartOf":{"@id":"https:\/\/www.saunabooda.sk\/#website"},"datePublished":"2025-01-05T16:35:21+00:00","dateModified":"2025-01-07T14:14:10+00:00","breadcrumb":{"@id":"https:\/\/www.saunabooda.sk\/?page_id=66#breadcrumb"},"inLanguage":"sk-SK","potentialAction":[{"@type":"ReadAction","target":["https:\/\/www.saunabooda.sk\/?page_id=66"]}]},{"@type":"BreadcrumbList","@id":"https:\/\/www.saunabooda.sk\/?page_id=66#breadcrumb","itemListElement":[{"@type":"ListItem","position":1,"name":"Home","item":"https:\/\/www.saunabooda.sk\/"},{"@type":"ListItem","position":2,"name":"Lokalita"}]},{"@type":"WebSite","@id":"https:\/\/www.saunabooda.sk\/#website","url":"https:\/\/www.saunabooda.sk\/","name":"Booda","description":"","potentialAction":[{"@type":"SearchAction","target":{"@type":"EntryPoint","urlTemplate":"https:\/\/www.saunabooda.sk\/?s={search_term_string}"},"query-input":{"@type":"PropertyValueSpecification","valueRequired":true,"valueName":"search_term_string"}}],"inLanguage":"sk-SK"}]}},"_links":{"self":[{"href":"https:\/\/www.saunabooda.sk\/index.php?rest_route=\/wp\/v2\/pages\/66","targetHints":{"allow":["GET"]}}],"collection":[{"href":"https:\/\/www.saunabooda.sk\/index.php?rest_route=\/wp\/v2\/pages"}],"about":[{"href":"https:\/\/www.saunabooda.sk\/index.php?rest_route=\/wp\/v2\/types\/page"}],"author":[{"embeddable":true,"href":"https:\/\/www.saunabooda.sk\/index.php?rest_route=\/wp\/v2\/users\/1"}],"replies":[{"embeddable":true,"href":"https:\/\/www.saunabooda.sk\/index.php?rest_route=%2Fwp%2Fv2%2Fcomments&post=66"}],"version-history":[{"count":6,"href":"https:\/\/www.saunabooda.sk\/index.php?rest_route=\/wp\/v2\/pages\/66\/revisions"}],"predecessor-version":[{"id":89,"href":"https:\/\/www.saunabooda.sk\/index.php?rest_route=\/wp\/v2\/pages\/66\/revisions\/89"}],"wp:attachment":[{"href":"https:\/\/www.saunabooda.sk\/index.php?rest_route=%2Fwp%2Fv2%2Fmedia&parent=66"}],"curies":[{"name":"wp","href":"https:\/\/api.w.org\/{rel}","templated":true}]}}