{"id":30,"date":"2024-12-10T12:49:05","date_gmt":"2024-12-10T11:49:05","guid":{"rendered":"https:\/\/www.saunabooda.sk\/?page_id=30"},"modified":"2025-01-05T17:46:13","modified_gmt":"2025-01-05T16:46:13","slug":"rezervacia","status":"publish","type":"page","link":"https:\/\/www.saunabooda.sk\/?page_id=30","title":{"rendered":"Rezerv\u00e1cia"},"content":{"rendered":"\n<p><br><br>Rezervujte si svoj \u010das v Saune Booda jednoducho cez slu\u017ebu <strong>booqme<\/strong>! Pr\u00edpadne n\u00e1m nap\u00ed\u0161te spr\u00e1vu na soci\u00e1lnych sie\u0165ach a dohodneme v\u0161etky detaily v\u00e1\u0161ho relaxa\u010dn\u00e9ho z\u00e1\u017eitku v pr\u00edrode. Te\u0161\u00edme sa na v\u00e1s!<\/p>\n\n\n\n<p><\/p>\n\n\n\n<div class=\"wp-block-buttons is-layout-flex wp-block-buttons-is-layout-flex\">\n<div class=\"wp-block-button is-style-fill\"><a class=\"wp-block-button__link wp-element-button\" href=\"https:\/\/booqme.sk\/sk\/rezervacia\/sauna-booda\">Rezervova\u0165<\/a><\/div>\n<\/div>\n","protected":false},"excerpt":{"rendered":"<p>Rezervujte si svoj \u010das v Saune Booda jednoducho cez slu\u017ebu booqme! Pr\u00edpadne n\u00e1m nap\u00ed\u0161te spr\u00e1vu na soci\u00e1lnych sie\u0165ach a dohodneme v\u0161etky detaily v\u00e1\u0161ho relaxa\u010dn\u00e9ho z\u00e1\u017eitku v pr\u00edrode. Te\u0161\u00edme sa na v\u00e1s!<\/p>\n","protected":false},"author":1,"featured_media":20,"parent":0,"menu_order":0,"comment_status":"closed","ping_status":"closed","template":"","meta":{"_monsterinsights_skip_tracking":false,"_monsterinsights_sitenote_active":false,"_monsterinsights_sitenote_note":"","_monsterinsights_sitenote_category":0,"footnotes":""},"class_list":["post-30","page","type-page","status-publish","has-post-thumbnail","hentry"],"yoast_head":"<!-- This site is optimized with the Yoast SEO plugin v24.0 - https:\/\/yoast.com\/wordpress\/plugins\/seo\/ -->\n<title>Rezerv\u00e1cia - Booda<\/title>\n<meta name=\"robots\" content=\"index, follow, max-snippet:-1, max-image-preview:large, max-video-preview:-1\" \/>\n<link rel=\"canonical\" href=\"https:\/\/www.saunabooda.sk\/?page_id=30\" \/>\n<meta property=\"og:locale\" content=\"sk_SK\" \/>\n<meta property=\"og:type\" content=\"article\" \/>\n<meta property=\"og:title\" content=\"Rezerv\u00e1cia - Booda\" \/>\n<meta property=\"og:description\" content=\"Rezervujte si svoj \u010das v Saune Booda jednoducho cez slu\u017ebu booqme! Pr\u00edpadne n\u00e1m nap\u00ed\u0161te spr\u00e1vu na soci\u00e1lnych sie\u0165ach a dohodneme v\u0161etky detaily v\u00e1\u0161ho relaxa\u010dn\u00e9ho z\u00e1\u017eitku v pr\u00edrode. Te\u0161\u00edme sa na v\u00e1s!\" \/>\n<meta property=\"og:url\" content=\"https:\/\/www.saunabooda.sk\/?page_id=30\" \/>\n<meta property=\"og:site_name\" content=\"Booda\" \/>\n<meta property=\"article:modified_time\" content=\"2025-01-05T16:46:13+00:00\" \/>\n<meta property=\"og:image\" content=\"https:\/\/www.saunabooda.sk\/wp-content\/uploads\/2024\/12\/cropped-booda-1-4.jpg\" \/>\n\t<meta property=\"og:image:width\" content=\"2000\" \/>\n\t<meta property=\"og:image:height\" content=\"764\" \/>\n\t<meta property=\"og:image:type\" content=\"image\/jpeg\" \/>\n<meta name=\"twitter:card\" content=\"summary_large_image\" \/>\n<meta name=\"twitter:label1\" content=\"Predpokladan\u00fd \u010das \u010d\u00edtania\" \/>\n\t<meta name=\"twitter:data1\" content=\"1 min\u00fata\" \/>\n<script type=\"application\/ld+json\" class=\"yoast-schema-graph\">{\"@context\":\"https:\/\/schema.org\",\"@graph\":[{\"@type\":\"WebPage\",\"@id\":\"https:\/\/www.saunabooda.sk\/?page_id=30\",\"url\":\"https:\/\/www.saunabooda.sk\/?page_id=30\",\"name\":\"Rezerv\u00e1cia - Booda\",\"isPartOf\":{\"@id\":\"https:\/\/www.saunabooda.sk\/#website\"},\"primaryImageOfPage\":{\"@id\":\"https:\/\/www.saunabooda.sk\/?page_id=30#primaryimage\"},\"image\":{\"@id\":\"https:\/\/www.saunabooda.sk\/?page_id=30#primaryimage\"},\"thumbnailUrl\":\"https:\/\/www.saunabooda.sk\/wp-content\/uploads\/2024\/12\/cropped-booda-1-4.jpg\",\"datePublished\":\"2024-12-10T11:49:05+00:00\",\"dateModified\":\"2025-01-05T16:46:13+00:00\",\"breadcrumb\":{\"@id\":\"https:\/\/www.saunabooda.sk\/?page_id=30#breadcrumb\"},\"inLanguage\":\"sk-SK\",\"potentialAction\":[{\"@type\":\"ReadAction\",\"target\":[\"https:\/\/www.saunabooda.sk\/?page_id=30\"]}]},{\"@type\":\"ImageObject\",\"inLanguage\":\"sk-SK\",\"@id\":\"https:\/\/www.saunabooda.sk\/?page_id=30#primaryimage\",\"url\":\"https:\/\/www.saunabooda.sk\/wp-content\/uploads\/2024\/12\/cropped-booda-1-4.jpg\",\"contentUrl\":\"https:\/\/www.saunabooda.sk\/wp-content\/uploads\/2024\/12\/cropped-booda-1-4.jpg\",\"width\":2000,\"height\":764,\"caption\":\"Sauna Booda\"},{\"@type\":\"BreadcrumbList\",\"@id\":\"https:\/\/www.saunabooda.sk\/?page_id=30#breadcrumb\",\"itemListElement\":[{\"@type\":\"ListItem\",\"position\":1,\"name\":\"Home\",\"item\":\"https:\/\/www.saunabooda.sk\/\"},{\"@type\":\"ListItem\",\"position\":2,\"name\":\"Rezerv\u00e1cia\"}]},{\"@type\":\"WebSite\",\"@id\":\"https:\/\/www.saunabooda.sk\/#website\",\"url\":\"https:\/\/www.saunabooda.sk\/\",\"name\":\"Booda\",\"description\":\"\",\"potentialAction\":[{\"@type\":\"SearchAction\",\"target\":{\"@type\":\"EntryPoint\",\"urlTemplate\":\"https:\/\/www.saunabooda.sk\/?s={search_term_string}\"},\"query-input\":{\"@type\":\"PropertyValueSpecification\",\"valueRequired\":true,\"valueName\":\"search_term_string\"}}],\"inLanguage\":\"sk-SK\"}]}<\/script>\n<!-- \/ Yoast SEO plugin. -->","yoast_head_json":{"title":"Rezerv\u00e1cia - Booda","robots":{"index":"index","follow":"follow","max-snippet":"max-snippet:-1","max-image-preview":"max-image-preview:large","max-video-preview":"max-video-preview:-1"},"canonical":"https:\/\/www.saunabooda.sk\/?page_id=30","og_locale":"sk_SK","og_type":"article","og_title":"Rezerv\u00e1cia - Booda","og_description":"Rezervujte si svoj \u010das v Saune Booda jednoducho cez slu\u017ebu booqme! Pr\u00edpadne n\u00e1m nap\u00ed\u0161te spr\u00e1vu na soci\u00e1lnych sie\u0165ach a dohodneme v\u0161etky detaily v\u00e1\u0161ho relaxa\u010dn\u00e9ho z\u00e1\u017eitku v pr\u00edrode. Te\u0161\u00edme sa na v\u00e1s!","og_url":"https:\/\/www.saunabooda.sk\/?page_id=30","og_site_name":"Booda","article_modified_time":"2025-01-05T16:46:13+00:00","og_image":[{"width":2000,"height":764,"url":"https:\/\/www.saunabooda.sk\/wp-content\/uploads\/2024\/12\/cropped-booda-1-4.jpg","type":"image\/jpeg"}],"twitter_card":"summary_large_image","twitter_misc":{"Predpokladan\u00fd \u010das \u010d\u00edtania":"1 min\u00fata"},"schema":{"@context":"https:\/\/schema.org","@graph":[{"@type":"WebPage","@id":"https:\/\/www.saunabooda.sk\/?page_id=30","url":"https:\/\/www.saunabooda.sk\/?page_id=30","name":"Rezerv\u00e1cia - Booda","isPartOf":{"@id":"https:\/\/www.saunabooda.sk\/#website"},"primaryImageOfPage":{"@id":"https:\/\/www.saunabooda.sk\/?page_id=30#primaryimage"},"image":{"@id":"https:\/\/www.saunabooda.sk\/?page_id=30#primaryimage"},"thumbnailUrl":"https:\/\/www.saunabooda.sk\/wp-content\/uploads\/2024\/12\/cropped-booda-1-4.jpg","datePublished":"2024-12-10T11:49:05+00:00","dateModified":"2025-01-05T16:46:13+00:00","breadcrumb":{"@id":"https:\/\/www.saunabooda.sk\/?page_id=30#breadcrumb"},"inLanguage":"sk-SK","potentialAction":[{"@type":"ReadAction","target":["https:\/\/www.saunabooda.sk\/?page_id=30"]}]},{"@type":"ImageObject","inLanguage":"sk-SK","@id":"https:\/\/www.saunabooda.sk\/?page_id=30#primaryimage","url":"https:\/\/www.saunabooda.sk\/wp-content\/uploads\/2024\/12\/cropped-booda-1-4.jpg","contentUrl":"https:\/\/www.saunabooda.sk\/wp-content\/uploads\/2024\/12\/cropped-booda-1-4.jpg","width":2000,"height":764,"caption":"Sauna Booda"},{"@type":"BreadcrumbList","@id":"https:\/\/www.saunabooda.sk\/?page_id=30#breadcrumb","itemListElement":[{"@type":"ListItem","position":1,"name":"Home","item":"https:\/\/www.saunabooda.sk\/"},{"@type":"ListItem","position":2,"name":"Rezerv\u00e1cia"}]},{"@type":"WebSite","@id":"https:\/\/www.saunabooda.sk\/#website","url":"https:\/\/www.saunabooda.sk\/","name":"Booda","description":"","potentialAction":[{"@type":"SearchAction","target":{"@type":"EntryPoint","urlTemplate":"https:\/\/www.saunabooda.sk\/?s={search_term_string}"},"query-input":{"@type":"PropertyValueSpecification","valueRequired":true,"valueName":"search_term_string"}}],"inLanguage":"sk-SK"}]}},"_links":{"self":[{"href":"https:\/\/www.saunabooda.sk\/index.php?rest_route=\/wp\/v2\/pages\/30","targetHints":{"allow":["GET"]}}],"collection":[{"href":"https:\/\/www.saunabooda.sk\/index.php?rest_route=\/wp\/v2\/pages"}],"about":[{"href":"https:\/\/www.saunabooda.sk\/index.php?rest_route=\/wp\/v2\/types\/page"}],"author":[{"embeddable":true,"href":"https:\/\/www.saunabooda.sk\/index.php?rest_route=\/wp\/v2\/users\/1"}],"replies":[{"embeddable":true,"href":"https:\/\/www.saunabooda.sk\/index.php?rest_route=%2Fwp%2Fv2%2Fcomments&post=30"}],"version-history":[{"count":4,"href":"https:\/\/www.saunabooda.sk\/index.php?rest_route=\/wp\/v2\/pages\/30\/revisions"}],"predecessor-version":[{"id":75,"href":"https:\/\/www.saunabooda.sk\/index.php?rest_route=\/wp\/v2\/pages\/30\/revisions\/75"}],"wp:featuredmedia":[{"embeddable":true,"href":"https:\/\/www.saunabooda.sk\/index.php?rest_route=\/wp\/v2\/media\/20"}],"wp:attachment":[{"href":"https:\/\/www.saunabooda.sk\/index.php?rest_route=%2Fwp%2Fv2%2Fmedia&parent=30"}],"curies":[{"name":"wp","href":"https:\/\/api.w.org\/{rel}","templated":true}]}}