{"id":2,"date":"2024-12-10T11:25:01","date_gmt":"2024-12-10T10:25:01","guid":{"rendered":"https:\/\/www.saunabooda.sk\/?page_id=2"},"modified":"2025-01-07T15:13:25","modified_gmt":"2025-01-07T14:13:25","slug":"ukazkova-stranka","status":"publish","type":"page","link":"https:\/\/www.saunabooda.sk\/","title":{"rendered":"O Boode"},"content":{"rendered":"\n<p class=\"has-medium-font-size\">Za vznikom Boody stoj\u00ed na\u0161a z\u00e1\u013euba v\u00a0pr\u00edrode a\u00a0saunovan\u00ed. Booda je spojen\u00edm oboch z\u00e1\u013eub a\u00a0sprostredk\u00fava jedine\u010dn\u00fd z\u00e1\u017eitok pri saunovan\u00ed v\u00a0n\u00e1dhernej slovenskej pr\u00edrode s\u00a0v\u00fdh\u013eadom na hrebe\u0148 Kremnick\u00fdch vrchov. Lodn\u00fd kontajner, ktor\u00fd st\u00e1l na za\u010diatku cel\u00e9ho procesu dnes pon\u00faka mo\u017enos\u0165 z\u00e1\u017eitku pri saunovan\u00ed sa s\u00a0v\u00fdh\u013eadom na jedine\u010dn\u00fa scen\u00e9riu. Vysk\u00fa\u0161ajte tento jedine\u010dn\u00fd z\u00e1\u017eitok aj vy a\u00a0pohodlne rezervujte BOODU.<\/p>\n\n\n\n<p class=\"has-medium-font-size\"><\/p>\n\n\n\n<p><\/p>\n","protected":false},"excerpt":{"rendered":"<p>Za vznikom Boody stoj\u00ed na\u0161a z\u00e1\u013euba v\u00a0pr\u00edrode a\u00a0saunovan\u00ed. Booda je spojen\u00edm oboch z\u00e1\u013eub a\u00a0sprostredk\u00fava jedine\u010dn\u00fd z\u00e1\u017eitok pri saunovan\u00ed v\u00a0n\u00e1dhernej slovenskej pr\u00edrode s\u00a0v\u00fdh\u013eadom na hrebe\u0148 Kremnick\u00fdch vrchov. Lodn\u00fd kontajner, ktor\u00fd st\u00e1l na za\u010diatku cel\u00e9ho procesu dnes pon\u00faka mo\u017enos\u0165 z\u00e1\u017eitku pri saunovan\u00ed sa s\u00a0v\u00fdh\u013eadom na jedine\u010dn\u00fa scen\u00e9riu. Vysk\u00fa\u0161ajte tento jedine\u010dn\u00fd z\u00e1\u017eitok aj vy a\u00a0pohodlne rezervujte BOODU.<\/p>\n","protected":false},"author":1,"featured_media":0,"parent":0,"menu_order":0,"comment_status":"closed","ping_status":"closed","template":"","meta":{"_monsterinsights_skip_tracking":false,"_monsterinsights_sitenote_active":false,"_monsterinsights_sitenote_note":"","_monsterinsights_sitenote_category":0,"footnotes":""},"class_list":["post-2","page","type-page","status-publish","hentry"],"yoast_head":"<!-- This site is optimized with the Yoast SEO plugin v24.0 - https:\/\/yoast.com\/wordpress\/plugins\/seo\/ -->\n<title>O Boode - Booda<\/title>\n<meta name=\"robots\" content=\"index, follow, max-snippet:-1, max-image-preview:large, max-video-preview:-1\" \/>\n<link rel=\"canonical\" href=\"https:\/\/www.saunabooda.sk\/\" \/>\n<meta property=\"og:locale\" content=\"sk_SK\" \/>\n<meta property=\"og:type\" content=\"article\" \/>\n<meta property=\"og:title\" content=\"O Boode - Booda\" \/>\n<meta property=\"og:description\" content=\"Za vznikom Boody stoj\u00ed na\u0161a z\u00e1\u013euba v\u00a0pr\u00edrode a\u00a0saunovan\u00ed. Booda je spojen\u00edm oboch z\u00e1\u013eub a\u00a0sprostredk\u00fava jedine\u010dn\u00fd z\u00e1\u017eitok pri saunovan\u00ed v\u00a0n\u00e1dhernej slovenskej pr\u00edrode s\u00a0v\u00fdh\u013eadom na hrebe\u0148 Kremnick\u00fdch vrchov. Lodn\u00fd kontajner, ktor\u00fd st\u00e1l na za\u010diatku cel\u00e9ho procesu dnes pon\u00faka mo\u017enos\u0165 z\u00e1\u017eitku pri saunovan\u00ed sa s\u00a0v\u00fdh\u013eadom na jedine\u010dn\u00fa scen\u00e9riu. Vysk\u00fa\u0161ajte tento jedine\u010dn\u00fd z\u00e1\u017eitok aj vy a\u00a0pohodlne rezervujte BOODU.\" \/>\n<meta property=\"og:url\" content=\"https:\/\/www.saunabooda.sk\/\" \/>\n<meta property=\"og:site_name\" content=\"Booda\" \/>\n<meta property=\"article:modified_time\" content=\"2025-01-07T14:13:25+00:00\" \/>\n<meta name=\"twitter:card\" content=\"summary_large_image\" \/>\n<meta name=\"twitter:label1\" content=\"Predpokladan\u00fd \u010das \u010d\u00edtania\" \/>\n\t<meta name=\"twitter:data1\" content=\"1 min\u00fata\" \/>\n<script type=\"application\/ld+json\" class=\"yoast-schema-graph\">{\"@context\":\"https:\/\/schema.org\",\"@graph\":[{\"@type\":\"WebPage\",\"@id\":\"https:\/\/www.saunabooda.sk\/\",\"url\":\"https:\/\/www.saunabooda.sk\/\",\"name\":\"O Boode - Booda\",\"isPartOf\":{\"@id\":\"https:\/\/www.saunabooda.sk\/#website\"},\"datePublished\":\"2024-12-10T10:25:01+00:00\",\"dateModified\":\"2025-01-07T14:13:25+00:00\",\"breadcrumb\":{\"@id\":\"https:\/\/www.saunabooda.sk\/#breadcrumb\"},\"inLanguage\":\"sk-SK\",\"potentialAction\":[{\"@type\":\"ReadAction\",\"target\":[\"https:\/\/www.saunabooda.sk\/\"]}]},{\"@type\":\"BreadcrumbList\",\"@id\":\"https:\/\/www.saunabooda.sk\/#breadcrumb\",\"itemListElement\":[{\"@type\":\"ListItem\",\"position\":1,\"name\":\"Home\",\"item\":\"https:\/\/www.saunabooda.sk\/\"},{\"@type\":\"ListItem\",\"position\":2,\"name\":\"O Boode\"}]},{\"@type\":\"WebSite\",\"@id\":\"https:\/\/www.saunabooda.sk\/#website\",\"url\":\"https:\/\/www.saunabooda.sk\/\",\"name\":\"Booda\",\"description\":\"\",\"potentialAction\":[{\"@type\":\"SearchAction\",\"target\":{\"@type\":\"EntryPoint\",\"urlTemplate\":\"https:\/\/www.saunabooda.sk\/?s={search_term_string}\"},\"query-input\":{\"@type\":\"PropertyValueSpecification\",\"valueRequired\":true,\"valueName\":\"search_term_string\"}}],\"inLanguage\":\"sk-SK\"}]}<\/script>\n<!-- \/ Yoast SEO plugin. -->","yoast_head_json":{"title":"O Boode - Booda","robots":{"index":"index","follow":"follow","max-snippet":"max-snippet:-1","max-image-preview":"max-image-preview:large","max-video-preview":"max-video-preview:-1"},"canonical":"https:\/\/www.saunabooda.sk\/","og_locale":"sk_SK","og_type":"article","og_title":"O Boode - Booda","og_description":"Za vznikom Boody stoj\u00ed na\u0161a z\u00e1\u013euba v\u00a0pr\u00edrode a\u00a0saunovan\u00ed. Booda je spojen\u00edm oboch z\u00e1\u013eub a\u00a0sprostredk\u00fava jedine\u010dn\u00fd z\u00e1\u017eitok pri saunovan\u00ed v\u00a0n\u00e1dhernej slovenskej pr\u00edrode s\u00a0v\u00fdh\u013eadom na hrebe\u0148 Kremnick\u00fdch vrchov. Lodn\u00fd kontajner, ktor\u00fd st\u00e1l na za\u010diatku cel\u00e9ho procesu dnes pon\u00faka mo\u017enos\u0165 z\u00e1\u017eitku pri saunovan\u00ed sa s\u00a0v\u00fdh\u013eadom na jedine\u010dn\u00fa scen\u00e9riu. Vysk\u00fa\u0161ajte tento jedine\u010dn\u00fd z\u00e1\u017eitok aj vy a\u00a0pohodlne rezervujte BOODU.","og_url":"https:\/\/www.saunabooda.sk\/","og_site_name":"Booda","article_modified_time":"2025-01-07T14:13:25+00:00","twitter_card":"summary_large_image","twitter_misc":{"Predpokladan\u00fd \u010das \u010d\u00edtania":"1 min\u00fata"},"schema":{"@context":"https:\/\/schema.org","@graph":[{"@type":"WebPage","@id":"https:\/\/www.saunabooda.sk\/","url":"https:\/\/www.saunabooda.sk\/","name":"O Boode - Booda","isPartOf":{"@id":"https:\/\/www.saunabooda.sk\/#website"},"datePublished":"2024-12-10T10:25:01+00:00","dateModified":"2025-01-07T14:13:25+00:00","breadcrumb":{"@id":"https:\/\/www.saunabooda.sk\/#breadcrumb"},"inLanguage":"sk-SK","potentialAction":[{"@type":"ReadAction","target":["https:\/\/www.saunabooda.sk\/"]}]},{"@type":"BreadcrumbList","@id":"https:\/\/www.saunabooda.sk\/#breadcrumb","itemListElement":[{"@type":"ListItem","position":1,"name":"Home","item":"https:\/\/www.saunabooda.sk\/"},{"@type":"ListItem","position":2,"name":"O Boode"}]},{"@type":"WebSite","@id":"https:\/\/www.saunabooda.sk\/#website","url":"https:\/\/www.saunabooda.sk\/","name":"Booda","description":"","potentialAction":[{"@type":"SearchAction","target":{"@type":"EntryPoint","urlTemplate":"https:\/\/www.saunabooda.sk\/?s={search_term_string}"},"query-input":{"@type":"PropertyValueSpecification","valueRequired":true,"valueName":"search_term_string"}}],"inLanguage":"sk-SK"}]}},"_links":{"self":[{"href":"https:\/\/www.saunabooda.sk\/index.php?rest_route=\/wp\/v2\/pages\/2","targetHints":{"allow":["GET"]}}],"collection":[{"href":"https:\/\/www.saunabooda.sk\/index.php?rest_route=\/wp\/v2\/pages"}],"about":[{"href":"https:\/\/www.saunabooda.sk\/index.php?rest_route=\/wp\/v2\/types\/page"}],"author":[{"embeddable":true,"href":"https:\/\/www.saunabooda.sk\/index.php?rest_route=\/wp\/v2\/users\/1"}],"replies":[{"embeddable":true,"href":"https:\/\/www.saunabooda.sk\/index.php?rest_route=%2Fwp%2Fv2%2Fcomments&post=2"}],"version-history":[{"count":7,"href":"https:\/\/www.saunabooda.sk\/index.php?rest_route=\/wp\/v2\/pages\/2\/revisions"}],"predecessor-version":[{"id":153,"href":"https:\/\/www.saunabooda.sk\/index.php?rest_route=\/wp\/v2\/pages\/2\/revisions\/153"}],"wp:attachment":[{"href":"https:\/\/www.saunabooda.sk\/index.php?rest_route=%2Fwp%2Fv2%2Fmedia&parent=2"}],"curies":[{"name":"wp","href":"https:\/\/api.w.org\/{rel}","templated":true}]}}